{"id":1716,"date":"2023-03-14T20:46:42","date_gmt":"2023-03-14T20:46:42","guid":{"rendered":"https:\/\/atospan.com.br?product=pao-de-centeio-zero-adimix-10kg"},"modified":"2023-03-14T20:46:43","modified_gmt":"2023-03-14T20:46:43","slug":"pao-de-centeio-zero-adimix-10kg","status":"publish","type":"product","link":"https:\/\/atospan.com.br\/?product=pao-de-centeio-zero-adimix-10kg","title":{"rendered":"PAO DE CENTEIO ZERO ADIMIX 10KG"},"content":{"rendered":"<p><strong>EAN: <\/strong>923<strong><br \/>\nCategoria: <\/strong>Confeitaria e Panifica\u00e7\u00e3o<strong><br \/>\nSubcategoria: <\/strong>Mistura para P\u00e3o<\/p>\n","protected":false},"excerpt":{"rendered":"<p>EAN: 923 Categoria: Confeitaria e Panifica\u00e7\u00e3o Subcategoria: Mistura para P\u00e3o<\/p>\n","protected":false},"featured_media":1717,"comment_status":"closed","ping_status":"open","template":"","meta":[],"product_brand":[],"product_cat":[120,121],"product_tag":[],"class_list":{"0":"post-1716","1":"product","2":"type-product","3":"status-publish","4":"has-post-thumbnail","6":"product_cat-confeitaria-e-panificacao","7":"product_cat-mistura-para-pao-confeitaria-e-panificacao","9":"first","10":"instock","11":"purchasable","12":"product-type-simple"},"_links":{"self":[{"href":"https:\/\/atospan.com.br\/index.php?rest_route=\/wp\/v2\/product\/1716","targetHints":{"allow":["GET"]}}],"collection":[{"href":"https:\/\/atospan.com.br\/index.php?rest_route=\/wp\/v2\/product"}],"about":[{"href":"https:\/\/atospan.com.br\/index.php?rest_route=\/wp\/v2\/types\/product"}],"replies":[{"embeddable":true,"href":"https:\/\/atospan.com.br\/index.php?rest_route=%2Fwp%2Fv2%2Fcomments&post=1716"}],"wp:featuredmedia":[{"embeddable":true,"href":"https:\/\/atospan.com.br\/index.php?rest_route=\/wp\/v2\/media\/1717"}],"wp:attachment":[{"href":"https:\/\/atospan.com.br\/index.php?rest_route=%2Fwp%2Fv2%2Fmedia&parent=1716"}],"wp:term":[{"taxonomy":"product_brand","embeddable":true,"href":"https:\/\/atospan.com.br\/index.php?rest_route=%2Fwp%2Fv2%2Fproduct_brand&post=1716"},{"taxonomy":"product_cat","embeddable":true,"href":"https:\/\/atospan.com.br\/index.php?rest_route=%2Fwp%2Fv2%2Fproduct_cat&post=1716"},{"taxonomy":"product_tag","embeddable":true,"href":"https:\/\/atospan.com.br\/index.php?rest_route=%2Fwp%2Fv2%2Fproduct_tag&post=1716"}],"curies":[{"name":"wp","href":"https:\/\/api.w.org\/{rel}","templated":true}]}}