{"id":1778,"date":"2023-03-14T20:46:48","date_gmt":"2023-03-14T20:46:48","guid":{"rendered":"https:\/\/atospan.com.br?product=pao-de-queijo-bom-de-minas-pequeno-2kg"},"modified":"2023-03-14T20:46:49","modified_gmt":"2023-03-14T20:46:49","slug":"pao-de-queijo-bom-de-minas-pequeno-2kg","status":"publish","type":"product","link":"https:\/\/atospan.com.br\/?product=pao-de-queijo-bom-de-minas-pequeno-2kg","title":{"rendered":"P\u00c3O DE QUEIJO BOM DE MINAS PEQUENO 2KG"},"content":{"rendered":"<p><strong>EAN: <\/strong>#N\/A<strong><br \/>\nCategoria: <\/strong>Confeitaria e Panifica\u00e7\u00e3o<strong><br \/>\nSubcategoria: <\/strong>P\u00e3o de Queijo<\/p>\n","protected":false},"excerpt":{"rendered":"<p>EAN: #N\/A Categoria: Confeitaria e Panifica\u00e7\u00e3o Subcategoria: P\u00e3o de Queijo<\/p>\n","protected":false},"featured_media":1779,"comment_status":"closed","ping_status":"open","template":"","meta":[],"product_brand":[],"product_cat":[120,122],"product_tag":[],"class_list":{"0":"post-1778","1":"product","2":"type-product","3":"status-publish","4":"has-post-thumbnail","6":"product_cat-confeitaria-e-panificacao","7":"product_cat-pao-de-queijo","9":"first","10":"instock","11":"purchasable","12":"product-type-simple"},"_links":{"self":[{"href":"https:\/\/atospan.com.br\/index.php?rest_route=\/wp\/v2\/product\/1778","targetHints":{"allow":["GET"]}}],"collection":[{"href":"https:\/\/atospan.com.br\/index.php?rest_route=\/wp\/v2\/product"}],"about":[{"href":"https:\/\/atospan.com.br\/index.php?rest_route=\/wp\/v2\/types\/product"}],"replies":[{"embeddable":true,"href":"https:\/\/atospan.com.br\/index.php?rest_route=%2Fwp%2Fv2%2Fcomments&post=1778"}],"wp:featuredmedia":[{"embeddable":true,"href":"https:\/\/atospan.com.br\/index.php?rest_route=\/wp\/v2\/media\/1779"}],"wp:attachment":[{"href":"https:\/\/atospan.com.br\/index.php?rest_route=%2Fwp%2Fv2%2Fmedia&parent=1778"}],"wp:term":[{"taxonomy":"product_brand","embeddable":true,"href":"https:\/\/atospan.com.br\/index.php?rest_route=%2Fwp%2Fv2%2Fproduct_brand&post=1778"},{"taxonomy":"product_cat","embeddable":true,"href":"https:\/\/atospan.com.br\/index.php?rest_route=%2Fwp%2Fv2%2Fproduct_cat&post=1778"},{"taxonomy":"product_tag","embeddable":true,"href":"https:\/\/atospan.com.br\/index.php?rest_route=%2Fwp%2Fv2%2Fproduct_tag&post=1778"}],"curies":[{"name":"wp","href":"https:\/\/api.w.org\/{rel}","templated":true}]}}