{"id":2066,"date":"2023-03-14T20:47:11","date_gmt":"2023-03-14T20:47:11","guid":{"rendered":"https:\/\/atospan.com.br?product=essencia-milho-arcolor-960ml"},"modified":"2023-03-14T20:47:12","modified_gmt":"2023-03-14T20:47:12","slug":"essencia-milho-arcolor-960ml","status":"publish","type":"product","link":"https:\/\/atospan.com.br\/?product=essencia-milho-arcolor-960ml","title":{"rendered":"ESSENCIA MILHO ARCOLOR 960ML"},"content":{"rendered":"<p><strong>EAN: <\/strong>7896226301020<strong><br \/>\nCategoria: <\/strong>Confeitaria e Panifica\u00e7\u00e3o<strong><br \/>\nSubcategoria: <\/strong>Ess\u00eancias<\/p>\n","protected":false},"excerpt":{"rendered":"<p>EAN: 7896226301020 Categoria: Confeitaria e Panifica\u00e7\u00e3o Subcategoria: Ess\u00eancias<\/p>\n","protected":false},"featured_media":2067,"comment_status":"closed","ping_status":"open","template":"","meta":[],"product_brand":[],"product_cat":[120,129],"product_tag":[],"class_list":{"0":"post-2066","1":"product","2":"type-product","3":"status-publish","4":"has-post-thumbnail","6":"product_cat-confeitaria-e-panificacao","7":"product_cat-essencias","9":"first","10":"instock","11":"purchasable","12":"product-type-simple"},"_links":{"self":[{"href":"https:\/\/atospan.com.br\/index.php?rest_route=\/wp\/v2\/product\/2066","targetHints":{"allow":["GET"]}}],"collection":[{"href":"https:\/\/atospan.com.br\/index.php?rest_route=\/wp\/v2\/product"}],"about":[{"href":"https:\/\/atospan.com.br\/index.php?rest_route=\/wp\/v2\/types\/product"}],"replies":[{"embeddable":true,"href":"https:\/\/atospan.com.br\/index.php?rest_route=%2Fwp%2Fv2%2Fcomments&post=2066"}],"wp:featuredmedia":[{"embeddable":true,"href":"https:\/\/atospan.com.br\/index.php?rest_route=\/wp\/v2\/media\/2067"}],"wp:attachment":[{"href":"https:\/\/atospan.com.br\/index.php?rest_route=%2Fwp%2Fv2%2Fmedia&parent=2066"}],"wp:term":[{"taxonomy":"product_brand","embeddable":true,"href":"https:\/\/atospan.com.br\/index.php?rest_route=%2Fwp%2Fv2%2Fproduct_brand&post=2066"},{"taxonomy":"product_cat","embeddable":true,"href":"https:\/\/atospan.com.br\/index.php?rest_route=%2Fwp%2Fv2%2Fproduct_cat&post=2066"},{"taxonomy":"product_tag","embeddable":true,"href":"https:\/\/atospan.com.br\/index.php?rest_route=%2Fwp%2Fv2%2Fproduct_tag&post=2066"}],"curies":[{"name":"wp","href":"https:\/\/api.w.org\/{rel}","templated":true}]}}