{"id":2381,"date":"2023-03-14T20:47:36","date_gmt":"2023-03-14T20:47:36","guid":{"rendered":"https:\/\/atospan.com.br?product=chocolate-em-po-033-castor-1-kg"},"modified":"2023-03-14T20:47:37","modified_gmt":"2023-03-14T20:47:37","slug":"chocolate-em-po-033-castor-1-kg","status":"publish","type":"product","link":"https:\/\/atospan.com.br\/?product=chocolate-em-po-033-castor-1-kg","title":{"rendered":"CHOCOLATE EM PO 0,33 CASTOR 1 KG"},"content":{"rendered":"<p><strong>EAN: <\/strong>7898926235636<strong><br \/>\nCategoria: <\/strong>Confeitaria e Panifica\u00e7\u00e3o<strong><br \/>\nSubcategoria: <\/strong>Chocolate em P\u00f3<\/p>\n","protected":false},"excerpt":{"rendered":"<p>EAN: 7898926235636 Categoria: Confeitaria e Panifica\u00e7\u00e3o Subcategoria: Chocolate em P\u00f3<\/p>\n","protected":false},"featured_media":2382,"comment_status":"closed","ping_status":"open","template":"","meta":[],"product_brand":[],"product_cat":[137,120],"product_tag":[],"class_list":{"0":"post-2381","1":"product","2":"type-product","3":"status-publish","4":"has-post-thumbnail","6":"product_cat-chocolate-em-po","7":"product_cat-confeitaria-e-panificacao","9":"first","10":"instock","11":"purchasable","12":"product-type-simple"},"_links":{"self":[{"href":"https:\/\/atospan.com.br\/index.php?rest_route=\/wp\/v2\/product\/2381","targetHints":{"allow":["GET"]}}],"collection":[{"href":"https:\/\/atospan.com.br\/index.php?rest_route=\/wp\/v2\/product"}],"about":[{"href":"https:\/\/atospan.com.br\/index.php?rest_route=\/wp\/v2\/types\/product"}],"replies":[{"embeddable":true,"href":"https:\/\/atospan.com.br\/index.php?rest_route=%2Fwp%2Fv2%2Fcomments&post=2381"}],"wp:featuredmedia":[{"embeddable":true,"href":"https:\/\/atospan.com.br\/index.php?rest_route=\/wp\/v2\/media\/2382"}],"wp:attachment":[{"href":"https:\/\/atospan.com.br\/index.php?rest_route=%2Fwp%2Fv2%2Fmedia&parent=2381"}],"wp:term":[{"taxonomy":"product_brand","embeddable":true,"href":"https:\/\/atospan.com.br\/index.php?rest_route=%2Fwp%2Fv2%2Fproduct_brand&post=2381"},{"taxonomy":"product_cat","embeddable":true,"href":"https:\/\/atospan.com.br\/index.php?rest_route=%2Fwp%2Fv2%2Fproduct_cat&post=2381"},{"taxonomy":"product_tag","embeddable":true,"href":"https:\/\/atospan.com.br\/index.php?rest_route=%2Fwp%2Fv2%2Fproduct_tag&post=2381"}],"curies":[{"name":"wp","href":"https:\/\/api.w.org\/{rel}","templated":true}]}}