{"id":2470,"date":"2023-03-14T20:47:43","date_gmt":"2023-03-14T20:47:43","guid":{"rendered":"https:\/\/atospan.com.br?product=acucar-gelado-pronap-1kg"},"modified":"2023-03-14T20:47:44","modified_gmt":"2023-03-14T20:47:44","slug":"acucar-gelado-pronap-1kg","status":"publish","type":"product","link":"https:\/\/atospan.com.br\/?product=acucar-gelado-pronap-1kg","title":{"rendered":"A\u00c7UCAR GELADO PRONAP 1KG"},"content":{"rendered":"<p><strong>EAN: <\/strong>7898302252684<strong><br \/>\nCategoria: <\/strong>Confeitaria e Panifica\u00e7\u00e3o<strong><br \/>\nSubcategoria: <\/strong>A\u00e7\u00facar<\/p>\n","protected":false},"excerpt":{"rendered":"<p>EAN: 7898302252684 Categoria: Confeitaria e Panifica\u00e7\u00e3o Subcategoria: A\u00e7\u00facar<\/p>\n","protected":false},"featured_media":2471,"comment_status":"closed","ping_status":"open","template":"","meta":[],"product_brand":[],"product_cat":[140,120],"product_tag":[],"class_list":{"0":"post-2470","1":"product","2":"type-product","3":"status-publish","4":"has-post-thumbnail","6":"product_cat-acucar","7":"product_cat-confeitaria-e-panificacao","9":"first","10":"instock","11":"purchasable","12":"product-type-simple"},"_links":{"self":[{"href":"https:\/\/atospan.com.br\/index.php?rest_route=\/wp\/v2\/product\/2470","targetHints":{"allow":["GET"]}}],"collection":[{"href":"https:\/\/atospan.com.br\/index.php?rest_route=\/wp\/v2\/product"}],"about":[{"href":"https:\/\/atospan.com.br\/index.php?rest_route=\/wp\/v2\/types\/product"}],"replies":[{"embeddable":true,"href":"https:\/\/atospan.com.br\/index.php?rest_route=%2Fwp%2Fv2%2Fcomments&post=2470"}],"wp:featuredmedia":[{"embeddable":true,"href":"https:\/\/atospan.com.br\/index.php?rest_route=\/wp\/v2\/media\/2471"}],"wp:attachment":[{"href":"https:\/\/atospan.com.br\/index.php?rest_route=%2Fwp%2Fv2%2Fmedia&parent=2470"}],"wp:term":[{"taxonomy":"product_brand","embeddable":true,"href":"https:\/\/atospan.com.br\/index.php?rest_route=%2Fwp%2Fv2%2Fproduct_brand&post=2470"},{"taxonomy":"product_cat","embeddable":true,"href":"https:\/\/atospan.com.br\/index.php?rest_route=%2Fwp%2Fv2%2Fproduct_cat&post=2470"},{"taxonomy":"product_tag","embeddable":true,"href":"https:\/\/atospan.com.br\/index.php?rest_route=%2Fwp%2Fv2%2Fproduct_tag&post=2470"}],"curies":[{"name":"wp","href":"https:\/\/api.w.org\/{rel}","templated":true}]}}