{"id":2801,"date":"2023-03-14T20:48:11","date_gmt":"2023-03-14T20:48:11","guid":{"rendered":"https:\/\/atospan.com.br?product=leite-em-po-elege-400grs"},"modified":"2023-03-14T20:48:12","modified_gmt":"2023-03-14T20:48:12","slug":"leite-em-po-elege-400grs","status":"publish","type":"product","link":"https:\/\/atospan.com.br\/?product=leite-em-po-elege-400grs","title":{"rendered":"LEITE EM P\u00d3 ELEGE 400GRS"},"content":{"rendered":"<p><strong>EAN: <\/strong>7896079500847<strong><br \/>\nCategoria: <\/strong>Confeitaria e Panifica\u00e7\u00e3o<strong><br \/>\nSubcategoria: <\/strong>Leite em P\u00f3<\/p>\n","protected":false},"excerpt":{"rendered":"<p>EAN: 7896079500847 Categoria: Confeitaria e Panifica\u00e7\u00e3o Subcategoria: Leite em P\u00f3<\/p>\n","protected":false},"featured_media":2802,"comment_status":"closed","ping_status":"open","template":"","meta":[],"product_brand":[],"product_cat":[120,161],"product_tag":[],"class_list":{"0":"post-2801","1":"product","2":"type-product","3":"status-publish","4":"has-post-thumbnail","6":"product_cat-confeitaria-e-panificacao","7":"product_cat-leite-em-po","9":"first","10":"instock","11":"purchasable","12":"product-type-simple"},"_links":{"self":[{"href":"https:\/\/atospan.com.br\/index.php?rest_route=\/wp\/v2\/product\/2801","targetHints":{"allow":["GET"]}}],"collection":[{"href":"https:\/\/atospan.com.br\/index.php?rest_route=\/wp\/v2\/product"}],"about":[{"href":"https:\/\/atospan.com.br\/index.php?rest_route=\/wp\/v2\/types\/product"}],"replies":[{"embeddable":true,"href":"https:\/\/atospan.com.br\/index.php?rest_route=%2Fwp%2Fv2%2Fcomments&post=2801"}],"wp:featuredmedia":[{"embeddable":true,"href":"https:\/\/atospan.com.br\/index.php?rest_route=\/wp\/v2\/media\/2802"}],"wp:attachment":[{"href":"https:\/\/atospan.com.br\/index.php?rest_route=%2Fwp%2Fv2%2Fmedia&parent=2801"}],"wp:term":[{"taxonomy":"product_brand","embeddable":true,"href":"https:\/\/atospan.com.br\/index.php?rest_route=%2Fwp%2Fv2%2Fproduct_brand&post=2801"},{"taxonomy":"product_cat","embeddable":true,"href":"https:\/\/atospan.com.br\/index.php?rest_route=%2Fwp%2Fv2%2Fproduct_cat&post=2801"},{"taxonomy":"product_tag","embeddable":true,"href":"https:\/\/atospan.com.br\/index.php?rest_route=%2Fwp%2Fv2%2Fproduct_tag&post=2801"}],"curies":[{"name":"wp","href":"https:\/\/api.w.org\/{rel}","templated":true}]}}