{"id":2844,"date":"2023-03-14T20:48:14","date_gmt":"2023-03-14T20:48:14","guid":{"rendered":"https:\/\/atospan.com.br?product=gordura-vegetal-coamo-400-fry-lt-145kg"},"modified":"2023-03-14T20:48:15","modified_gmt":"2023-03-14T20:48:15","slug":"gordura-vegetal-coamo-400-fry-lt-145kg","status":"publish","type":"product","link":"https:\/\/atospan.com.br\/?product=gordura-vegetal-coamo-400-fry-lt-145kg","title":{"rendered":"GORDURA VEGETAL COAMO 400 FRY LT 14,5KG"},"content":{"rendered":"<p><strong>EAN: <\/strong>#N\/A<strong><br \/>\nCategoria: <\/strong>Confeitaria e Panifica\u00e7\u00e3o<strong><br \/>\nSubcategoria: <\/strong>\u00d3leos e Gorduras<\/p>\n","protected":false},"excerpt":{"rendered":"<p>EAN: #N\/A Categoria: Confeitaria e Panifica\u00e7\u00e3o Subcategoria: \u00d3leos e Gorduras<\/p>\n","protected":false},"featured_media":2845,"comment_status":"closed","ping_status":"open","template":"","meta":[],"product_brand":[],"product_cat":[120,164],"product_tag":[],"class_list":{"0":"post-2844","1":"product","2":"type-product","3":"status-publish","4":"has-post-thumbnail","6":"product_cat-confeitaria-e-panificacao","7":"product_cat-oleos-e-gorduras","9":"first","10":"instock","11":"purchasable","12":"product-type-simple"},"_links":{"self":[{"href":"https:\/\/atospan.com.br\/index.php?rest_route=\/wp\/v2\/product\/2844","targetHints":{"allow":["GET"]}}],"collection":[{"href":"https:\/\/atospan.com.br\/index.php?rest_route=\/wp\/v2\/product"}],"about":[{"href":"https:\/\/atospan.com.br\/index.php?rest_route=\/wp\/v2\/types\/product"}],"replies":[{"embeddable":true,"href":"https:\/\/atospan.com.br\/index.php?rest_route=%2Fwp%2Fv2%2Fcomments&post=2844"}],"wp:featuredmedia":[{"embeddable":true,"href":"https:\/\/atospan.com.br\/index.php?rest_route=\/wp\/v2\/media\/2845"}],"wp:attachment":[{"href":"https:\/\/atospan.com.br\/index.php?rest_route=%2Fwp%2Fv2%2Fmedia&parent=2844"}],"wp:term":[{"taxonomy":"product_brand","embeddable":true,"href":"https:\/\/atospan.com.br\/index.php?rest_route=%2Fwp%2Fv2%2Fproduct_brand&post=2844"},{"taxonomy":"product_cat","embeddable":true,"href":"https:\/\/atospan.com.br\/index.php?rest_route=%2Fwp%2Fv2%2Fproduct_cat&post=2844"},{"taxonomy":"product_tag","embeddable":true,"href":"https:\/\/atospan.com.br\/index.php?rest_route=%2Fwp%2Fv2%2Fproduct_tag&post=2844"}],"curies":[{"name":"wp","href":"https:\/\/api.w.org\/{rel}","templated":true}]}}