{"id":2848,"date":"2023-03-14T20:48:14","date_gmt":"2023-03-14T20:48:14","guid":{"rendered":"https:\/\/atospan.com.br?product=oleo-vegetal-fry-sina-145kg-sebella"},"modified":"2023-03-14T20:48:15","modified_gmt":"2023-03-14T20:48:15","slug":"oleo-vegetal-fry-sina-145kg-sebella","status":"publish","type":"product","link":"https:\/\/atospan.com.br\/?product=oleo-vegetal-fry-sina-145kg-sebella","title":{"rendered":"OLEO VEGETAL FRY SINA 14,5KG (SEBELLA)"},"content":{"rendered":"<p><strong>EAN: <\/strong>7898621560170<strong><br \/>\nCategoria: <\/strong>Confeitaria e Panifica\u00e7\u00e3o<strong><br \/>\nSubcategoria: <\/strong>\u00d3leos e Gorduras<\/p>\n","protected":false},"excerpt":{"rendered":"<p>EAN: 7898621560170 Categoria: Confeitaria e Panifica\u00e7\u00e3o Subcategoria: \u00d3leos e Gorduras<\/p>\n","protected":false},"featured_media":2849,"comment_status":"closed","ping_status":"open","template":"","meta":[],"product_brand":[],"product_cat":[120,164],"product_tag":[],"class_list":{"0":"post-2848","1":"product","2":"type-product","3":"status-publish","4":"has-post-thumbnail","6":"product_cat-confeitaria-e-panificacao","7":"product_cat-oleos-e-gorduras","9":"first","10":"instock","11":"purchasable","12":"product-type-simple"},"_links":{"self":[{"href":"https:\/\/atospan.com.br\/index.php?rest_route=\/wp\/v2\/product\/2848","targetHints":{"allow":["GET"]}}],"collection":[{"href":"https:\/\/atospan.com.br\/index.php?rest_route=\/wp\/v2\/product"}],"about":[{"href":"https:\/\/atospan.com.br\/index.php?rest_route=\/wp\/v2\/types\/product"}],"replies":[{"embeddable":true,"href":"https:\/\/atospan.com.br\/index.php?rest_route=%2Fwp%2Fv2%2Fcomments&post=2848"}],"wp:featuredmedia":[{"embeddable":true,"href":"https:\/\/atospan.com.br\/index.php?rest_route=\/wp\/v2\/media\/2849"}],"wp:attachment":[{"href":"https:\/\/atospan.com.br\/index.php?rest_route=%2Fwp%2Fv2%2Fmedia&parent=2848"}],"wp:term":[{"taxonomy":"product_brand","embeddable":true,"href":"https:\/\/atospan.com.br\/index.php?rest_route=%2Fwp%2Fv2%2Fproduct_brand&post=2848"},{"taxonomy":"product_cat","embeddable":true,"href":"https:\/\/atospan.com.br\/index.php?rest_route=%2Fwp%2Fv2%2Fproduct_cat&post=2848"},{"taxonomy":"product_tag","embeddable":true,"href":"https:\/\/atospan.com.br\/index.php?rest_route=%2Fwp%2Fv2%2Fproduct_tag&post=2848"}],"curies":[{"name":"wp","href":"https:\/\/api.w.org\/{rel}","templated":true}]}}